{"id":80,"date":"2015-01-23T13:58:46","date_gmt":"2015-01-23T13:58:46","guid":{"rendered":"http:\/\/www.inovacafe.ufla.br\/?page_id=80"},"modified":"2021-06-11T16:06:25","modified_gmt":"2021-06-11T16:06:25","slug":"home","status":"publish","type":"page","link":"http:\/\/www.inovacafe.ufla.br\/","title":{"rendered":""},"content":{"rendered":"<div class=\"su-row\"><\/div>\n<p>\u00a0<\/p>\n<p>\u00a0<\/p>\n<center><iframe loading=\"lazy\" src=\"https:\/\/www.youtube.com\/embed\/q8E_DasSP2E?rel=0&amp;controls=0&amp;showinfo=0\" width=\"853\" height=\"480\" frameborder=\"0\" allowfullscreen=\"allowfullscreen\"><\/iframe><br \/>Desenvolvemos estudos, pesquisas e inova\u00e7\u00f5es que contribuem com a cafeicultura<\/center>\n<p><a href=\"http:\/\/www.inovacafe.ufla.br\/?cat=3\">Ver todas as not\u00edcias<\/a><\/p>\n<p>\u00a0<\/p>\n\n\n<p><\/p>\n","protected":false},"excerpt":{"rendered":"<p>\u00a0 \u00a0 Desenvolvemos estudos, pesquisas e inova\u00e7\u00f5es que contribuem com a cafeicultura Ver todas as not\u00edcias \u00a0<\/p>\n","protected":false},"author":2,"featured_media":0,"parent":0,"menu_order":0,"comment_status":"open","ping_status":"closed","template":"","meta":{"_mi_skip_tracking":false},"_links":{"self":[{"href":"http:\/\/www.inovacafe.ufla.br\/index.php?rest_route=\/wp\/v2\/pages\/80"}],"collection":[{"href":"http:\/\/www.inovacafe.ufla.br\/index.php?rest_route=\/wp\/v2\/pages"}],"about":[{"href":"http:\/\/www.inovacafe.ufla.br\/index.php?rest_route=\/wp\/v2\/types\/page"}],"author":[{"embeddable":true,"href":"http:\/\/www.inovacafe.ufla.br\/index.php?rest_route=\/wp\/v2\/users\/2"}],"replies":[{"embeddable":true,"href":"http:\/\/www.inovacafe.ufla.br\/index.php?rest_route=%2Fwp%2Fv2%2Fcomments&post=80"}],"version-history":[{"count":49,"href":"http:\/\/www.inovacafe.ufla.br\/index.php?rest_route=\/wp\/v2\/pages\/80\/revisions"}],"predecessor-version":[{"id":2245,"href":"http:\/\/www.inovacafe.ufla.br\/index.php?rest_route=\/wp\/v2\/pages\/80\/revisions\/2245"}],"wp:attachment":[{"href":"http:\/\/www.inovacafe.ufla.br\/index.php?rest_route=%2Fwp%2Fv2%2Fmedia&parent=80"}],"curies":[{"name":"wp","href":"https:\/\/api.w.org\/{rel}","templated":true}]}}