{"id":6,"date":"2014-09-22T20:20:53","date_gmt":"2014-09-22T20:20:53","guid":{"rendered":"http:\/\/www.prp.ufla.br\/labs\/cg-residuos\/?page_id=5"},"modified":"2021-05-18T23:12:17","modified_gmt":"2021-05-18T23:12:17","slug":"apresentacao","status":"publish","type":"page","link":"http:\/\/www.inovacafe.ufla.br\/?page_id=6","title":{"rendered":"Quem somos"},"content":{"rendered":"<p style=\"text-align: left;\"><div class=\"su-row\"><\/div>\n<div class=\"su-column su-column-size-3-4\"><div class=\"su-column-inner su-u-clearfix su-u-trim\"><\/div><\/div>\n<p style=\"text-align: justify;\">A Ag\u00eancia de Inova\u00e7\u00e3o do Caf\u00e9 (InovaCaf\u00e9) \u00e9 um \u00f3rg\u00e3o vinculado \u00e0 Pr\u00f3-Reitoria de Pesquisa (PRP) da Universidade Federal de Lavras (UFLA) e desenvolve estudos, pesquisas e inova\u00e7\u00f5es para promover o empreendedorismo no setor agroindustrial do caf\u00e9. A Ag\u00eancia tem como objetivo contribuir com o desenvolvimento do conhecimento cient\u00edfico e apresentar solu\u00e7\u00f5es para problemas demandados por \u00f3rg\u00e3os e institui\u00e7\u00f5es p\u00fablicas ou privadas que sejam relacionados ao agroneg\u00f3cio do caf\u00e9.<\/p>\n<p style=\"text-align: justify;\">A Ag\u00eancia \u00e9 fruto da articula\u00e7\u00e3o do Polo de Excel\u00eancia do Caf\u00e9, Secretaria de Estado de Ci\u00eancia, Tecnologia e Ensino Superior de Minas Gerais (Sectes), UFLA e Minist\u00e9rio da Educa\u00e7\u00e3o (MEC), contando com o apoio da Financiadora de Estudos e Projetos (Finep) e da Funda\u00e7\u00e3o de Amparo \u00e0 Pesquisa do Estado de Minas Gerais (Fapemig). Tamb\u00e9m contribuem para a viabiliza\u00e7\u00e3o da Ag\u00eancia o Cons\u00f3rcio Pesquisa Caf\u00e9 e o INCT-Caf\u00e9.<\/p>\n<p style=\"text-align: justify;\">O espa\u00e7o da InovaCaf\u00e9 integra iniciativas do Setor de Cafeicultura da UFLA, o Polo de Excel\u00eancia do Caf\u00e9, o Instituto Nacional de Ci\u00eancia e Tecnologia do Caf\u00e9 (INCT-Caf\u00e9), Polo de Tecnologia em P\u00f3s-Colheita do Caf\u00e9, Polo de Tecnologia em Qualidade do Caf\u00e9, Centro Tecnol\u00f3gico de Comercializa\u00e7\u00e3o Online de Caf\u00e9 (e-Caf\u00e9 Brasil) e o Centro de Intelig\u00eancia em Mercados (CIM).<\/p>\n<p style=\"text-align: justify;\">Tamb\u00e9m fazem parte da ag\u00eancia a coordena\u00e7\u00e3o institucional do Cons\u00f3rcio Pesquisa Caf\u00e9, a Unidade de Torrefa\u00e7\u00e3o de Caf\u00e9, a secretaria administrativa da Revista Coffee Science, a Unidade de Difus\u00e3o Virtual de Tecnologias \u2013 Caf\u00e9 Web TV, o Centro de Armazenamento e Controle de Defensivos Agr\u00edcolas, os laborat\u00f3rios de Anatomia e Fisiologia do Cafeeiro e Gen\u00e9tica Molecular, al\u00e9m disso, n\u00facleos de pesquisa da universidade passaram a ser sediados no espa\u00e7o, que s\u00e3o: N\u00facleo de Estudos em Cafeicultura (Necaf), N\u00facleo de Estudos em Qualidade, Industrializa\u00e7\u00e3o e Consumo de Caf\u00e9 (QI Caf\u00e9), Grupo de Estudos em Herbicidas, Plantas Daninhas e Aleopatia (GHPD), N\u00facleo de Estudos em Melhoramento e Clonagem (NEMEC) que foi criado j\u00e1 com sede na Ag\u00eancia. Demais n\u00facleos como o N\u00facleo de Estudos em P\u00f3s-Colheita do Caf\u00e9 (P\u00f3s-Caf\u00e9) e o N\u00facleo de Estudos em M\u00e1quinas Agr\u00edcolas e Port\u00e1teis (Nemaport) se aproximam com mais intensidade da ag\u00eancia.<\/p>\n<p style=\"text-align: justify;\">A Ag\u00eancia \u00e9 aberta \u00e0 participa\u00e7\u00e3o de discentes, docentes e t\u00e9cnicos administrativos e outros servidores p\u00fablicos que atuem em \u00e1reas de conhecimento que tenham interfaces com os projetos e a\u00e7\u00f5es desenvolvidos no seu \u00e2mbito de atua\u00e7\u00e3o.<\/p>\n<p><img loading=\"lazy\" class=\"alignnone wp-image-374 size-medium\" src=\"http:\/\/www.inovacafe.ufla.br\/wp-content\/uploads\/2016\/04\/imagem-vc3addeo-institucional-inovacafc3a9-300x203.png\" alt=\"teste\" width=\"300\" height=\"203\" srcset=\"http:\/\/www.inovacafe.ufla.br\/wp-content\/uploads\/2016\/04\/imagem-vc3addeo-institucional-inovacafc3a9-300x203.png 300w, http:\/\/www.inovacafe.ufla.br\/wp-content\/uploads\/2016\/04\/imagem-vc3addeo-institucional-inovacafc3a9-1024x693.png 1024w, http:\/\/www.inovacafe.ufla.br\/wp-content\/uploads\/2016\/04\/imagem-vc3addeo-institucional-inovacafc3a9-660x447.png 660w, http:\/\/www.inovacafe.ufla.br\/wp-content\/uploads\/2016\/04\/imagem-vc3addeo-institucional-inovacafc3a9.png 1191w\" sizes=\"(max-width: 300px) 100vw, 300px\" \/>\u00a0<img loading=\"lazy\" class=\"alignnone  wp-image-58\" src=\"http:\/\/www.inovacafe.ufla.br\/wp-content\/uploads\/2014\/09\/20141203_150208-300x225.jpg\" alt=\"20141203_150208\" width=\"271\" height=\"203\" srcset=\"http:\/\/www.inovacafe.ufla.br\/wp-content\/uploads\/2014\/09\/20141203_150208-300x225.jpg 300w, http:\/\/www.inovacafe.ufla.br\/wp-content\/uploads\/2014\/09\/20141203_150208-624x468.jpg 624w, http:\/\/www.inovacafe.ufla.br\/wp-content\/uploads\/2014\/09\/20141203_150208.jpg 800w\" sizes=\"(max-width: 271px) 100vw, 271px\" \/><\/p>\n<p><img loading=\"lazy\" class=\"alignnone wp-image-368 size-medium\" src=\"http:\/\/www.inovacafe.ufla.br\/wp-content\/uploads\/2016\/04\/visita-aos-laboratc3b3rios-do-inct-cafc3a9-300x200.jpg\" alt=\"Visita aos laborat\u00f3rios do INCT Caf\u00e9\" width=\"300\" height=\"200\" srcset=\"http:\/\/www.inovacafe.ufla.br\/wp-content\/uploads\/2016\/04\/visita-aos-laboratc3b3rios-do-inct-cafc3a9-300x200.jpg 300w, http:\/\/www.inovacafe.ufla.br\/wp-content\/uploads\/2016\/04\/visita-aos-laboratc3b3rios-do-inct-cafc3a9-1024x682.jpg 1024w, http:\/\/www.inovacafe.ufla.br\/wp-content\/uploads\/2016\/04\/visita-aos-laboratc3b3rios-do-inct-cafc3a9-200x133.jpg 200w, http:\/\/www.inovacafe.ufla.br\/wp-content\/uploads\/2016\/04\/visita-aos-laboratc3b3rios-do-inct-cafc3a9-660x440.jpg 660w\" sizes=\"(max-width: 300px) 100vw, 300px\" \/>\u00a0<img loading=\"lazy\" class=\"alignnone  wp-image-56\" src=\"http:\/\/www.inovacafe.ufla.br\/wp-content\/uploads\/2014\/09\/20141203_145712-300x225.jpg\" alt=\"20141203_145712\" width=\"271\" height=\"199\" \/><\/p>\n<p><strong>Equipe<\/strong><\/p>\n<table width=\"0\">\n<tbody>\n<tr>\n<td width=\"40%\"><strong>Nome<\/strong><\/td>\n<td width=\"17%\"><strong>Setor<\/strong><\/td>\n<td width=\"17%\"><strong>RAMAL<\/strong><\/td>\n<td width=\"23%\"><strong>EMAIL<\/strong><\/td>\n<\/tr>\n<tr>\n<td width=\"40%\">Ant\u00f4nio Nazareno Guimar\u00e3es Mendes<\/td>\n<td width=\"17%\">InovaCaf\u00e9<\/td>\n<td width=\"17%\"><strong>3829-4571\u00a0\/ 2077<\/strong><\/td>\n<td width=\"23%\">naza@ufla.br<\/td>\n<\/tr>\n<tr>\n<td width=\"40%\">Adriane Silva de Jesus<\/td>\n<td width=\"17%\">Polo de Qualidade do Caf\u00e9<\/td>\n<td width=\"17%\"><strong>3829-1784<\/strong><\/td>\n<td width=\"23%\">adriane@ufla.br<\/td>\n<\/tr>\n<tr>\n<td width=\"40%\">Assessoria de Comunica\u00e7\u00e3o<\/td>\n<td width=\"17%\">InovaCaf\u00e9<\/td>\n<td width=\"17%\"><strong>3829-9719<\/strong><\/td>\n<td width=\"23%\">inovacafeufla@gmail.com<\/td>\n<\/tr>\n<tr>\n<td width=\"40%\">Cafeteria Escola CafEsal<\/td>\n<td width=\"17%\"><\/td>\n<td width=\"17%\"><\/td>\n<td width=\"23%\">cafesalcafeteria@gmail.com<\/td>\n<\/tr>\n<tr>\n<td width=\"40%\">InovaHub<\/td>\n<td width=\"17%\">InovaCaf\u00e9<\/td>\n<td width=\"17%\"><strong>3829-1443 <\/strong><\/td>\n<td width=\"23%\">inovacafe@ufla.br<\/td>\n<\/tr>\n<tr>\n<td width=\"40%\">Laborat\u00f3rio de An\u00e1lises Avan\u00e7adas \u2013 Alan<\/td>\n<td width=\"17%\">InovaCaf\u00e9<\/td>\n<td width=\"17%\"><strong>3829-4573<\/strong><\/td>\n<td width=\"23%\"><\/td>\n<\/tr>\n<tr>\n<td width=\"40%\">Laborat\u00f3rio de Anatomia e Fisiologia do Cafeeiro<\/td>\n<td width=\"17%\">InovaCaf\u00e9<\/td>\n<td width=\"17%\"><strong>3829-1825<\/strong><\/td>\n<td width=\"23%\"><\/td>\n<\/tr>\n<tr>\n<td width=\"40%\">Luiz Gonzaga de Castro Junior<\/td>\n<td width=\"17%\">InovaCaf\u00e9<\/td>\n<td width=\"17%\"><strong>3829-1758<\/strong><\/td>\n<td width=\"23%\">lgcastro@ufla.br<\/td>\n<\/tr>\n<tr>\n<td width=\"40%\">M\u00e1rio L\u00facio Vilela Resende \/ Marluce Vilela \u2013 INCT-Caf\u00e9<\/td>\n<td width=\"17%\">InovaCaf\u00e9<\/td>\n<td width=\"17%\"><strong>3829-4577<\/strong><\/td>\n<td width=\"23%\">marlucervilela@hotmail.com<\/td>\n<\/tr>\n<tr>\n<td width=\"40%\">N\u00facleo de Estudos em Cafeicultura- NECAF<\/td>\n<td width=\"17%\">InovaCaf\u00e9<\/td>\n<td width=\"17%\"><strong>3829-1311<\/strong><\/td>\n<td width=\"23%\">necaf@ufla.br<\/td>\n<\/tr>\n<tr>\n<td width=\"40%\"><\/td>\n<td width=\"17%\"><\/td>\n<td width=\"17%\"><\/td>\n<td width=\"23%\"><\/td>\n<\/tr>\n<tr>\n<td width=\"40%\">Milene Carvalho Embrapa-Caf\u00e9<\/td>\n<td width=\"17%\">InovaCaf\u00e9<\/td>\n<td width=\"17%\"><strong>3829-4583\u00a0<\/strong><\/td>\n<td width=\"23%\">milene.carvalho@embrapa.br<\/td>\n<\/tr>\n<tr>\n<td width=\"40%\">Rede Social do Caf\u00e9<\/td>\n<td width=\"17%\">InovaCaf\u00e9<\/td>\n<td width=\"17%\"><strong>3829-4584\u00a0<\/strong><\/td>\n<td width=\"23%\"><\/td>\n<\/tr>\n<tr>\n<td width=\"40%\">Rubens Jos\u00e9 Guimar\u00e3es<\/td>\n<td width=\"17%\">InovaCaf\u00e9<\/td>\n<td width=\"17%\"><strong>3829-4586<\/strong><\/td>\n<td width=\"23%\">rubensjg@ufla.br<\/td>\n<\/tr>\n<tr>\n<td width=\"40%\">Alan Carvalho Andrade \u2013 Embrapa Caf\u00e9<\/td>\n<td width=\"17%\">InovaCaf\u00e9<\/td>\n<td width=\"17%\"><strong>3829-4587<\/strong><\/td>\n<td width=\"23%\">alan.andrade@embrapa.br<\/td>\n<\/tr>\n<tr>\n<td width=\"40%\">Mauro Magalh\u00e3es Leite Faria<\/td>\n<td width=\"17%\">InovaCaf\u00e9<\/td>\n<td width=\"17%\"><strong>3829-4588\/1577<\/strong><\/td>\n<td width=\"23%\">mauro.faria@ufla.br<\/td>\n<\/tr>\n<tr>\n<td width=\"40%\">Secretaria Geral<\/td>\n<td width=\"17%\">InovaCaf\u00e9<\/td>\n<td width=\"17%\"><strong>3829-4580<\/strong>\u00a0<strong>\/ 4585<\/strong><\/td>\n<td width=\"23%\">inovacafe@ufla.br<\/td>\n<\/tr>\n<tr>\n<td width=\"40%\"><\/td>\n<td width=\"17%\"><\/td>\n<td width=\"17%\"><\/td>\n<td width=\"23%\"><\/td>\n<\/tr>\n<tr>\n<td width=\"40%\">Virg\u00edlio Anast\u00e1cio da Silva<\/td>\n<td width=\"17%\">InovaCaf\u00e9<\/td>\n<td width=\"17%\"><strong>3829-4592<\/strong><\/td>\n<td width=\"23%\">virgilio@ufla.br<\/td>\n<\/tr>\n<tr>\n<td width=\"40%\">Unidade de Torra e Moagem<\/td>\n<td width=\"17%\">InovaCaf\u00e9<\/td>\n<td width=\"17%\"><strong>3829-1577 <\/strong><\/td>\n<td width=\"23%\">inovacafe@ufla.br<\/td>\n<\/tr>\n<tr>\n<td width=\"40%\">Polo de Tecnologia em Qualidade do Caf\u00e9<\/td>\n<td width=\"17%\">Polo \u2013 Secretaria Geral<\/td>\n<td width=\"17%\"><strong>3829-1578 <\/strong><\/td>\n<td width=\"23%\">adriane@ufla.br<\/td>\n<\/tr>\n<tr>\n<td width=\"40%\">Alexandre Rezende Teixeira \u2013 Qu\u00edmico INCT-Caf\u00e9<\/td>\n<td width=\"17%\">InovaCaf\u00e9<\/td>\n<td width=\"17%\"><strong>3829-1015 <\/strong><\/td>\n<td width=\"23%\">alexandre.teixeira@ufla.br<\/td>\n<\/tr>\n<tr>\n<td width=\"40%\">N\u00facleo de Estudos em Herbicidas e Plantas Daninhas \u2013 GHPD<\/td>\n<td width=\"17%\">InovaCaf\u00e9<\/td>\n<td width=\"17%\"><strong>3829-4581<\/strong><\/td>\n<td width=\"23%\">contato.ghpd@hotmail.com<\/td>\n<\/tr>\n<tr>\n<td width=\"40%\">N\u00facleo de Estudos em Melhoramento e Clonagem \u2013 NEMEC<\/td>\n<td width=\"17%\">InovaCaf\u00e9<\/td>\n<td width=\"17%\"><strong>3829-4582<\/strong><\/td>\n<td width=\"23%\">nemec.ufla@gmail.com<\/td>\n<\/tr>\n<\/tbody>\n<\/table>\n","protected":false},"excerpt":{"rendered":"<p>A Ag\u00eancia de Inova\u00e7\u00e3o do Caf\u00e9 (InovaCaf\u00e9) \u00e9 um \u00f3rg\u00e3o vinculado \u00e0 Pr\u00f3-Reitoria de Pesquisa (PRP) da Universidade Federal de&hellip; <a class=\"read-more\" href=\"http:\/\/www.inovacafe.ufla.br\/?page_id=6\">Leia mais <span class=\"screen-reader-text\">Quem somos<\/span><\/a><\/p>\n","protected":false},"author":1,"featured_media":0,"parent":0,"menu_order":0,"comment_status":"closed","ping_status":"closed","template":"","meta":{"_mi_skip_tracking":false},"_links":{"self":[{"href":"http:\/\/www.inovacafe.ufla.br\/index.php?rest_route=\/wp\/v2\/pages\/6"}],"collection":[{"href":"http:\/\/www.inovacafe.ufla.br\/index.php?rest_route=\/wp\/v2\/pages"}],"about":[{"href":"http:\/\/www.inovacafe.ufla.br\/index.php?rest_route=\/wp\/v2\/types\/page"}],"author":[{"embeddable":true,"href":"http:\/\/www.inovacafe.ufla.br\/index.php?rest_route=\/wp\/v2\/users\/1"}],"replies":[{"embeddable":true,"href":"http:\/\/www.inovacafe.ufla.br\/index.php?rest_route=%2Fwp%2Fv2%2Fcomments&post=6"}],"version-history":[{"count":45,"href":"http:\/\/www.inovacafe.ufla.br\/index.php?rest_route=\/wp\/v2\/pages\/6\/revisions"}],"predecessor-version":[{"id":2236,"href":"http:\/\/www.inovacafe.ufla.br\/index.php?rest_route=\/wp\/v2\/pages\/6\/revisions\/2236"}],"wp:attachment":[{"href":"http:\/\/www.inovacafe.ufla.br\/index.php?rest_route=%2Fwp%2Fv2%2Fmedia&parent=6"}],"curies":[{"name":"wp","href":"https:\/\/api.w.org\/{rel}","templated":true}]}}