{"id":206,"date":"2016-04-20T13:58:03","date_gmt":"2016-04-20T13:58:03","guid":{"rendered":"http:\/\/www.inovacafe.ufla.br\/?page_id=206"},"modified":"2016-04-20T14:03:04","modified_gmt":"2016-04-20T14:03:04","slug":"polos","status":"publish","type":"page","link":"http:\/\/www.inovacafe.ufla.br\/?page_id=206","title":{"rendered":"Polos"},"content":{"rendered":"<h4><strong>&#8211; POLO DE EXCEL\u00caNCIA DO CAF\u00c9\u00a0\u00a0\u00a0\u00a0\u00a0\u00a0\u00a0\u00a0\u00a0\u00a0\u00a0\u00a0\u00a0 <\/strong><\/h4>\n<p style=\"text-align: justify;\">O Polo de Excel\u00eancia do Caf\u00e9 \u00e9 uma entidade criada com a finalidade de tornar Minas Gerais refer\u00eancia no agroneg\u00f3cio do caf\u00e9, aproveitando-se fundamentalmente, mas n\u00e3o exclusivamente, das compet\u00eancias localizadas na regi\u00e3o onde est\u00e1 situado, no Sul do Estado. O objetivo geral do Polo \u00e9 integrar as compet\u00eancias institucionais para induzir o processo de desenvolvimento competitivo sustent\u00e1vel do agroneg\u00f3cio caf\u00e9 em Minas Gerais.<\/p>\n<h4><strong>&#8211; POLO DE TECNOLOGIA EM QUALIDADE DO CAF\u00c9 <\/strong><\/h4>\n<p style=\"text-align: justify;\">O Polo de Tecnologia em Qualidade do Caf\u00e9 foi concebido inicialmente atrav\u00e9s do projeto Cons\u00f3rcio Pesquisa Caf\u00e9ligada \u00e0 Embrapa Caf\u00e9, e especificamente ao Laborat\u00f3rio de Desenvolvimento de Novos produtos. Atualmente s\u00e3o promovidos no espa\u00e7o: cursos, capacita\u00e7\u00f5es,aulas de barismo e desenvolvimento de novos produtos na \u00e1rea de caf\u00e9. O Polo conta com o apoio da Secretaria de Estado de Ci\u00eancia,Tecnologia e Ensino Superior (Sectes) e da Funda\u00e7\u00e3o de Amparo \u00e0 Pesquisa do estado de Minas Gerais (Fapemig).<\/p>\n","protected":false},"excerpt":{"rendered":"<p>&#8211; POLO DE EXCEL\u00caNCIA DO CAF\u00c9\u00a0\u00a0\u00a0\u00a0\u00a0\u00a0\u00a0\u00a0\u00a0\u00a0\u00a0\u00a0\u00a0 O Polo de Excel\u00eancia do Caf\u00e9 \u00e9 uma entidade criada com a finalidade de&hellip; <a class=\"read-more\" href=\"http:\/\/www.inovacafe.ufla.br\/?page_id=206\">Leia mais <span class=\"screen-reader-text\">Polos<\/span><\/a><\/p>\n","protected":false},"author":3,"featured_media":0,"parent":0,"menu_order":0,"comment_status":"closed","ping_status":"closed","template":"","meta":{"_mi_skip_tracking":false},"_links":{"self":[{"href":"http:\/\/www.inovacafe.ufla.br\/index.php?rest_route=\/wp\/v2\/pages\/206"}],"collection":[{"href":"http:\/\/www.inovacafe.ufla.br\/index.php?rest_route=\/wp\/v2\/pages"}],"about":[{"href":"http:\/\/www.inovacafe.ufla.br\/index.php?rest_route=\/wp\/v2\/types\/page"}],"author":[{"embeddable":true,"href":"http:\/\/www.inovacafe.ufla.br\/index.php?rest_route=\/wp\/v2\/users\/3"}],"replies":[{"embeddable":true,"href":"http:\/\/www.inovacafe.ufla.br\/index.php?rest_route=%2Fwp%2Fv2%2Fcomments&post=206"}],"version-history":[{"count":3,"href":"http:\/\/www.inovacafe.ufla.br\/index.php?rest_route=\/wp\/v2\/pages\/206\/revisions"}],"predecessor-version":[{"id":213,"href":"http:\/\/www.inovacafe.ufla.br\/index.php?rest_route=\/wp\/v2\/pages\/206\/revisions\/213"}],"wp:attachment":[{"href":"http:\/\/www.inovacafe.ufla.br\/index.php?rest_route=%2Fwp%2Fv2%2Fmedia&parent=206"}],"curies":[{"name":"wp","href":"https:\/\/api.w.org\/{rel}","templated":true}]}}