{"id":13,"date":"2014-09-22T20:21:47","date_gmt":"2014-09-22T20:21:47","guid":{"rendered":"http:\/\/www.prp.ufla.br\/labs\/cg-residuos\/?page_id=13"},"modified":"2021-06-11T11:26:32","modified_gmt":"2021-06-11T11:26:32","slug":"contato","status":"publish","type":"page","link":"http:\/\/www.inovacafe.ufla.br\/?page_id=13","title":{"rendered":"Contato"},"content":{"rendered":"<p style=\"text-align: left;\"><div role=\"form\" class=\"wpcf7\" id=\"wpcf7-f69-o1\" lang=\"pt-BR\" dir=\"ltr\">\n<div class=\"screen-reader-response\"><p role=\"status\" aria-live=\"polite\" aria-atomic=\"true\"><\/p> <ul><\/ul><\/div>\n<form action=\"\/index.php?rest_route=%2Fwp%2Fv2%2Fpages%2F13#wpcf7-f69-o1\" method=\"post\" class=\"wpcf7-form init\" novalidate=\"novalidate\" data-status=\"init\">\n<div style=\"display: none;\">\n<input type=\"hidden\" name=\"_wpcf7\" value=\"69\" \/>\n<input type=\"hidden\" name=\"_wpcf7_version\" value=\"5.6.2\" \/>\n<input type=\"hidden\" name=\"_wpcf7_locale\" value=\"pt_BR\" \/>\n<input type=\"hidden\" name=\"_wpcf7_unit_tag\" value=\"wpcf7-f69-o1\" \/>\n<input type=\"hidden\" name=\"_wpcf7_container_post\" value=\"0\" \/>\n<input type=\"hidden\" name=\"_wpcf7_posted_data_hash\" value=\"\" \/>\n<\/div>\n<p>Seu nome (obrigat\u00f3rio)<br \/>\n    <span class=\"wpcf7-form-control-wrap\" data-name=\"your-name\"><input type=\"text\" name=\"your-name\" value=\"\" size=\"80\" class=\"wpcf7-form-control wpcf7-text wpcf7-validates-as-required\" aria-required=\"true\" aria-invalid=\"false\" \/><\/span> <\/p>\n<p>Seu e-mail (obrigat\u00f3rio)<br \/>\n    <span class=\"wpcf7-form-control-wrap\" data-name=\"your-email\"><input type=\"email\" name=\"your-email\" value=\"\" size=\"80\" class=\"wpcf7-form-control wpcf7-text wpcf7-email wpcf7-validates-as-required wpcf7-validates-as-email\" aria-required=\"true\" aria-invalid=\"false\" \/><\/span> <\/p>\n<p>Assunto<br \/>\n    <span class=\"wpcf7-form-control-wrap\" data-name=\"your-subject\"><input type=\"text\" name=\"your-subject\" value=\"\" size=\"80\" class=\"wpcf7-form-control wpcf7-text\" aria-invalid=\"false\" \/><\/span> <\/p>\n<p>Sua mensagem<br \/>\n    <span class=\"wpcf7-form-control-wrap\" data-name=\"your-message\"><textarea name=\"your-message\" cols=\"40\" rows=\"10\" class=\"wpcf7-form-control wpcf7-textarea\" aria-invalid=\"false\"><\/textarea><\/span> <\/p>\n<p><input type=\"submit\" value=\"Enviar\" class=\"wpcf7-form-control has-spinner wpcf7-submit\" \/><\/p>\n<div class=\"wpcf7-response-output\" aria-hidden=\"true\"><\/div><\/form><\/div>\n<hr \/>\n<pre style=\"text-align: right;\"><strong>Universidade Federal de Lavras<\/strong>\nAg\u00eancia de Inova\u00e7\u00e3o do Caf\u00e9 - INOVACAF\u00c9\nCampus Universit\u00e1rio - Caixa Postal 3037 \nCEP 37200-900 - Lavras MG\nTelefone: (35) 3829-4585\nE-mail: inovacafeufla@ufla.br<\/pre>\n<p><center><iframe loading=\"lazy\" style=\"border: 0;\" src=\"https:\/\/www.google.com\/maps\/embed?pb=!1m18!1m12!1m3!1d1434.8236418261406!2d-44.97055199999998!3d-21.227276999999997!2m3!1f0!2f0!3f0!3m2!1i1024!2i768!4f13.1!3m3!1m2!1s0x0%3A0x0!2zMjHCsDEzJzM4LjIiUyA0NMKwNTgnMTQuMCJX!5e1!3m2!1spt-BR!2sbr!4v1421865515189\" width=\"980\" height=\"450\" frameborder=\"0\"><\/iframe><\/center><\/p>\n","protected":false},"excerpt":{"rendered":"<p>Universidade Federal de Lavras Ag\u00eancia de Inova\u00e7\u00e3o do Caf\u00e9 &#8211; INOVACAF\u00c9 Campus Universit\u00e1rio &#8211; Caixa Postal 3037 CEP 37200-900 -&hellip; <a class=\"read-more\" href=\"http:\/\/www.inovacafe.ufla.br\/?page_id=13\">Leia mais <span class=\"screen-reader-text\">Contato<\/span><\/a><\/p>\n","protected":false},"author":1,"featured_media":0,"parent":0,"menu_order":0,"comment_status":"closed","ping_status":"closed","template":"","meta":{"_mi_skip_tracking":false},"_links":{"self":[{"href":"http:\/\/www.inovacafe.ufla.br\/index.php?rest_route=\/wp\/v2\/pages\/13"}],"collection":[{"href":"http:\/\/www.inovacafe.ufla.br\/index.php?rest_route=\/wp\/v2\/pages"}],"about":[{"href":"http:\/\/www.inovacafe.ufla.br\/index.php?rest_route=\/wp\/v2\/types\/page"}],"author":[{"embeddable":true,"href":"http:\/\/www.inovacafe.ufla.br\/index.php?rest_route=\/wp\/v2\/users\/1"}],"replies":[{"embeddable":true,"href":"http:\/\/www.inovacafe.ufla.br\/index.php?rest_route=%2Fwp%2Fv2%2Fcomments&post=13"}],"version-history":[{"count":12,"href":"http:\/\/www.inovacafe.ufla.br\/index.php?rest_route=\/wp\/v2\/pages\/13\/revisions"}],"predecessor-version":[{"id":2240,"href":"http:\/\/www.inovacafe.ufla.br\/index.php?rest_route=\/wp\/v2\/pages\/13\/revisions\/2240"}],"wp:attachment":[{"href":"http:\/\/www.inovacafe.ufla.br\/index.php?rest_route=%2Fwp%2Fv2%2Fmedia&parent=13"}],"curies":[{"name":"wp","href":"https:\/\/api.w.org\/{rel}","templated":true}]}}